{"id":9,"date":"2023-10-18T18:45:12","date_gmt":"2023-10-18T18:45:12","guid":{"rendered":"https:\/\/ceadvogados.com\/novo\/?page_id=9"},"modified":"2024-05-08T13:38:21","modified_gmt":"2024-05-08T13:38:21","slug":"quem-somos","status":"publish","type":"page","link":"https:\/\/ceadvogados.com\/novo\/quem-somos\/","title":{"rendered":"Quem Somos"},"content":{"rendered":"\t\t<div data-elementor-type=\"wp-page\" data-elementor-id=\"9\" class=\"elementor elementor-9\" data-elementor-post-type=\"page\">\n\t\t\t\t<div class=\"elementor-element elementor-element-72d766c animated-slow e-flex e-con-boxed wpr-particle-no wpr-jarallax-no wpr-parallax-no wpr-sticky-section-no elementor-invisible e-con e-parent\" data-id=\"72d766c\" data-element_type=\"container\" data-e-type=\"container\" data-settings=\"{&quot;animation&quot;:&quot;fadeInUp&quot;}\">\n\t\t\t\t\t<div class=\"e-con-inner\">\n\t\t<div class=\"elementor-element elementor-element-87f25aa e-con-full e-flex wpr-particle-no wpr-jarallax-no wpr-parallax-no wpr-sticky-section-no e-con e-child\" data-id=\"87f25aa\" data-element_type=\"container\" data-e-type=\"container\">\n\t\t\t\t<div class=\"elementor-element elementor-element-ef275c1 elementor-invisible elementor-widget elementor-widget-image\" data-id=\"ef275c1\" data-element_type=\"widget\" data-e-type=\"widget\" data-settings=\"{&quot;_animation&quot;:&quot;fadeIn&quot;}\" data-widget_type=\"image.default\">\n\t\t\t\t<div class=\"elementor-widget-container\">\n\t\t\t\t\t\t\t\t\t\t\t\t\t\t\t<img fetchpriority=\"high\" decoding=\"async\" width=\"657\" height=\"1024\" src=\"https:\/\/ceadvogados.com\/novo\/wp-content\/uploads\/2023\/11\/66e53cab-81d5-4cdd-8fe4-44414ad4482e-1-e1728572335515-657x1024.jpg\" class=\"attachment-large size-large wp-image-250\" alt=\"\" srcset=\"https:\/\/ceadvogados.com\/novo\/wp-content\/uploads\/2023\/11\/66e53cab-81d5-4cdd-8fe4-44414ad4482e-1-e1728572335515-657x1024.jpg 657w, https:\/\/ceadvogados.com\/novo\/wp-content\/uploads\/2023\/11\/66e53cab-81d5-4cdd-8fe4-44414ad4482e-1-e1728572335515-192x300.jpg 192w, https:\/\/ceadvogados.com\/novo\/wp-content\/uploads\/2023\/11\/66e53cab-81d5-4cdd-8fe4-44414ad4482e-1-e1728572335515-768x1197.jpg 768w, https:\/\/ceadvogados.com\/novo\/wp-content\/uploads\/2023\/11\/66e53cab-81d5-4cdd-8fe4-44414ad4482e-1-e1728572335515.jpg 821w\" sizes=\"(max-width: 657px) 100vw, 657px\" \/>\t\t\t\t\t\t\t\t\t\t\t\t\t\t\t<\/div>\n\t\t\t\t<\/div>\n\t\t\t\t<\/div>\n\t\t<div class=\"elementor-element elementor-element-20b0e25 e-con-full e-flex wpr-particle-no wpr-jarallax-no wpr-parallax-no wpr-sticky-section-no e-con e-child\" data-id=\"20b0e25\" data-element_type=\"container\" data-e-type=\"container\">\n\t\t\t\t<div class=\"elementor-element elementor-element-146e10e elementor-widget elementor-widget-text-editor\" data-id=\"146e10e\" data-element_type=\"widget\" data-e-type=\"widget\" data-widget_type=\"text-editor.default\">\n\t\t\t\t<div class=\"elementor-widget-container\">\n\t\t\t\t\t\t\t\t\t<p><strong>Arthur Emerich<\/strong><\/p><p>Advogado, inscrito na OAB\/RJ sob o n.\u00ba 161.194, com mais de 15 (quinze) anos de experi\u00eancia, Mestre em Direito, Bacharel em Direito pela Universidade C\u00e2ndido Mendes,\u00a0 P\u00f3s-Graduado em Direito Processual Civil, P\u00f3s-Graduado em Direito Desportivo, Procurador do Tribunal de Justi\u00e7a Desportiva da FFSERJ, Auditor do Tribunal de Justi\u00e7a Desportiva da FHERJ, ex-integrante da Procuradoria do Superior Tribunal de Justi\u00e7a Desportiva do Futebol, Delegado Corregedor da OAB\/RJ (tri\u00eanio 2022\/2024), Membro da Comiss\u00e3o de Eventos Esportivos da OAB\/RJ (tri\u00eanio 2022\/2024).<\/p>\t\t\t\t\t\t\t\t<\/div>\n\t\t\t\t<\/div>\n\t\t\t\t<\/div>\n\t\t\t\t\t<\/div>\n\t\t\t\t<\/div>\n\t\t<div class=\"elementor-element elementor-element-f93d2df animated-slow e-flex e-con-boxed wpr-particle-no wpr-jarallax-no wpr-parallax-no wpr-sticky-section-no elementor-invisible e-con e-parent\" data-id=\"f93d2df\" data-element_type=\"container\" data-e-type=\"container\" data-settings=\"{&quot;animation&quot;:&quot;fadeInUp&quot;}\">\n\t\t\t\t\t<div class=\"e-con-inner\">\n\t\t<div class=\"elementor-element elementor-element-c4cf071 e-con-full e-flex wpr-particle-no wpr-jarallax-no wpr-parallax-no wpr-sticky-section-no e-con e-child\" data-id=\"c4cf071\" data-element_type=\"container\" data-e-type=\"container\">\n\t\t\t\t<div class=\"elementor-element elementor-element-e5e969b elementor-invisible elementor-widget elementor-widget-image\" data-id=\"e5e969b\" data-element_type=\"widget\" data-e-type=\"widget\" data-settings=\"{&quot;_animation&quot;:&quot;fadeIn&quot;}\" data-widget_type=\"image.default\">\n\t\t\t\t<div class=\"elementor-widget-container\">\n\t\t\t\t\t\t\t\t\t\t\t\t\t\t\t<img decoding=\"async\" width=\"658\" height=\"1024\" src=\"https:\/\/ceadvogados.com\/novo\/wp-content\/uploads\/2023\/11\/68c2baad-83a0-4675-a77f-5d8ec1f5967f-1-658x1024.jpg\" class=\"attachment-large size-large wp-image-253\" alt=\"\" srcset=\"https:\/\/ceadvogados.com\/novo\/wp-content\/uploads\/2023\/11\/68c2baad-83a0-4675-a77f-5d8ec1f5967f-1-658x1024.jpg 658w, https:\/\/ceadvogados.com\/novo\/wp-content\/uploads\/2023\/11\/68c2baad-83a0-4675-a77f-5d8ec1f5967f-1-193x300.jpg 193w, https:\/\/ceadvogados.com\/novo\/wp-content\/uploads\/2023\/11\/68c2baad-83a0-4675-a77f-5d8ec1f5967f-1-768x1196.jpg 768w, https:\/\/ceadvogados.com\/novo\/wp-content\/uploads\/2023\/11\/68c2baad-83a0-4675-a77f-5d8ec1f5967f-1.jpg 822w\" sizes=\"(max-width: 658px) 100vw, 658px\" \/>\t\t\t\t\t\t\t\t\t\t\t\t\t\t\t<\/div>\n\t\t\t\t<\/div>\n\t\t\t\t<\/div>\n\t\t<div class=\"elementor-element elementor-element-a5bb290 e-con-full e-flex wpr-particle-no wpr-jarallax-no wpr-parallax-no wpr-sticky-section-no e-con e-child\" data-id=\"a5bb290\" data-element_type=\"container\" data-e-type=\"container\">\n\t\t\t\t<div class=\"elementor-element elementor-element-efd6e15 elementor-widget elementor-widget-text-editor\" data-id=\"efd6e15\" data-element_type=\"widget\" data-e-type=\"widget\" data-widget_type=\"text-editor.default\">\n\t\t\t\t<div class=\"elementor-widget-container\">\n\t\t\t\t\t\t\t\t\t<p><strong>Allan Campos<\/strong><\/p><p>Advogado, inscrito na OAB\/RJ sob o n.\u00ba 163.228, <span class=\"gmail_default\">com mais de 20 (vinte) anos dedicados a \u00e1rea de sa\u00fade,\u00a0<\/span>bacharel em direito pela Universidade C\u00e2ndido Mende<span class=\"gmail_default\">s<\/span>,\u00a0P\u00f3s-Graduado em Direito e Processo do Trabalho,\u00a0P\u00f3s-Graduado em Direito M\u00e9dico e da Sa\u00fade,\u00a0Enfermeiro formado pela Universidade do Estado do Rio de Janeiro \u2013 UERJ,\u00a0P\u00f3s-Graduado em Terapia Intensiva Adulto pela Universidade Federal Fluminense \u2013 UFF,\u00a0Enfermeiro concursado da Prefeitura do Rio de Janeiro,\u00a0Enfermeiro concursado do Hospital Universit\u00e1rio Ant\u00f4nio Pedro \u2013 UFF,\u00a0Membro da Comiss\u00e3o de Processo Administrativo do Hospital Universit\u00e1rio Ant\u00f4nio Pedro \u2013 UFF.<\/p>\t\t\t\t\t\t\t\t<\/div>\n\t\t\t\t<\/div>\n\t\t\t\t<\/div>\n\t\t\t\t\t<\/div>\n\t\t\t\t<\/div>\n\t\t\t\t<\/div>\n\t\t","protected":false},"excerpt":{"rendered":"<p>Arthur Emerich Advogado, inscrito na OAB\/RJ sob o n.\u00ba 161.194, com mais de 15 (quinze) anos de experi\u00eancia, Mestre em Direito, Bacharel em Direito pela Universidade C\u00e2ndido Mendes,\u00a0 P\u00f3s-Graduado em Direito Processual Civil, P\u00f3s-Graduado em Direito Desportivo, Procurador do Tribunal de Justi\u00e7a Desportiva da FFSERJ, Auditor do Tribunal de Justi\u00e7a Desportiva da FHERJ, ex-integrante da Procuradoria do Superior Tribunal de Justi\u00e7a Desportiva do Futebol, Delegado Corregedor da OAB\/RJ (tri\u00eanio 2022\/2024), Membro da Comiss\u00e3o de Eventos Esportivos da OAB\/RJ (tri\u00eanio 2022\/2024). Allan Campos Advogado, inscrito na OAB\/RJ sob o n.\u00ba 163.228, com mais de 20 (vinte) anos dedicados a \u00e1rea de sa\u00fade,\u00a0bacharel em direito pela Universidade C\u00e2ndido Mendes,\u00a0P\u00f3s-Graduado em Direito e Processo do Trabalho,\u00a0P\u00f3s-Graduado em Direito M\u00e9dico e da Sa\u00fade,\u00a0Enfermeiro formado pela Universidade do Estado do Rio de Janeiro \u2013 UERJ,\u00a0P\u00f3s-Graduado em Terapia Intensiva Adulto pela Universidade Federal Fluminense \u2013 UFF,\u00a0Enfermeiro concursado da Prefeitura do Rio de Janeiro,\u00a0Enfermeiro concursado do Hospital Universit\u00e1rio Ant\u00f4nio Pedro \u2013 UFF,\u00a0Membro da Comiss\u00e3o de Processo Administrativo do Hospital Universit\u00e1rio Ant\u00f4nio Pedro \u2013 UFF.<\/p>\n","protected":false},"author":1,"featured_media":351,"parent":0,"menu_order":0,"comment_status":"closed","ping_status":"closed","template":"","meta":{"footnotes":""},"class_list":["post-9","page","type-page","status-publish","has-post-thumbnail","hentry"],"yoast_head":"<!-- This site is optimized with the Yoast SEO plugin v27.0 - https:\/\/yoast.com\/product\/yoast-seo-wordpress\/ -->\n<title>Quem Somos - Campos e Emerich Advogados<\/title>\n<meta name=\"robots\" content=\"index, follow, max-snippet:-1, max-image-preview:large, max-video-preview:-1\" \/>\n<link rel=\"canonical\" href=\"https:\/\/ceadvogados.com\/novo\/quem-somos\/\" \/>\n<meta property=\"og:locale\" content=\"pt_PT\" \/>\n<meta property=\"og:type\" content=\"article\" \/>\n<meta property=\"og:title\" content=\"Quem Somos - Campos e Emerich Advogados\" \/>\n<meta property=\"og:description\" content=\"Arthur Emerich Advogado, inscrito na OAB\/RJ sob o n.\u00ba 161.194, com mais de 15 (quinze) anos de experi\u00eancia, Mestre em Direito, Bacharel em Direito pela Universidade C\u00e2ndido Mendes,\u00a0 P\u00f3s-Graduado em Direito Processual Civil, P\u00f3s-Graduado em Direito Desportivo, Procurador do Tribunal de Justi\u00e7a Desportiva da FFSERJ, Auditor do Tribunal de Justi\u00e7a Desportiva da FHERJ, ex-integrante da Procuradoria do Superior Tribunal de Justi\u00e7a Desportiva do Futebol, Delegado Corregedor da OAB\/RJ (tri\u00eanio 2022\/2024), Membro da Comiss\u00e3o de Eventos Esportivos da OAB\/RJ (tri\u00eanio 2022\/2024). Allan Campos Advogado, inscrito na OAB\/RJ sob o n.\u00ba 163.228, com mais de 20 (vinte) anos dedicados a \u00e1rea de sa\u00fade,\u00a0bacharel em direito pela Universidade C\u00e2ndido Mendes,\u00a0P\u00f3s-Graduado em Direito e Processo do Trabalho,\u00a0P\u00f3s-Graduado em Direito M\u00e9dico e da Sa\u00fade,\u00a0Enfermeiro formado pela Universidade do Estado do Rio de Janeiro \u2013 UERJ,\u00a0P\u00f3s-Graduado em Terapia Intensiva Adulto pela Universidade Federal Fluminense \u2013 UFF,\u00a0Enfermeiro concursado da Prefeitura do Rio de Janeiro,\u00a0Enfermeiro concursado do Hospital Universit\u00e1rio Ant\u00f4nio Pedro \u2013 UFF,\u00a0Membro da Comiss\u00e3o de Processo Administrativo do Hospital Universit\u00e1rio Ant\u00f4nio Pedro \u2013 UFF.\" \/>\n<meta property=\"og:url\" content=\"https:\/\/ceadvogados.com\/novo\/quem-somos\/\" \/>\n<meta property=\"og:site_name\" content=\"Campos e Emerich Advogados\" \/>\n<meta property=\"article:publisher\" content=\"https:\/\/www.facebook.com\/profile.php?id=61551895715380&amp;mibextid=9R9pXO\" \/>\n<meta property=\"article:modified_time\" content=\"2024-05-08T13:38:21+00:00\" \/>\n<meta property=\"og:image\" content=\"https:\/\/ceadvogados.com\/novo\/wp-content\/uploads\/2023\/11\/1920-mulher-de-negocios-e-advogados-discutindo-papeis-de-contrato-com-escala-de-latao-na-mesa-de-madeira-no-escritorio-direito-servicos-juridicos-aconselhamento-conceito-de-justica.jpg\" \/>\n\t<meta property=\"og:image:width\" content=\"1920\" \/>\n\t<meta property=\"og:image:height\" content=\"1017\" \/>\n\t<meta property=\"og:image:type\" content=\"image\/jpeg\" \/>\n<meta name=\"twitter:card\" content=\"summary_large_image\" \/>\n<meta name=\"twitter:label1\" content=\"Tempo estimado de leitura\" \/>\n\t<meta name=\"twitter:data1\" content=\"1 minuto\" \/>\n<script type=\"application\/ld+json\" class=\"yoast-schema-graph\">{\"@context\":\"https:\/\/schema.org\",\"@graph\":[{\"@type\":\"WebPage\",\"@id\":\"https:\/\/ceadvogados.com\/novo\/quem-somos\/\",\"url\":\"https:\/\/ceadvogados.com\/novo\/quem-somos\/\",\"name\":\"Quem Somos - Campos e Emerich Advogados\",\"isPartOf\":{\"@id\":\"https:\/\/ceadvogados.com\/novo\/#website\"},\"primaryImageOfPage\":{\"@id\":\"https:\/\/ceadvogados.com\/novo\/quem-somos\/#primaryimage\"},\"image\":{\"@id\":\"https:\/\/ceadvogados.com\/novo\/quem-somos\/#primaryimage\"},\"thumbnailUrl\":\"https:\/\/ceadvogados.com\/novo\/wp-content\/uploads\/2023\/11\/1920-mulher-de-negocios-e-advogados-discutindo-papeis-de-contrato-com-escala-de-latao-na-mesa-de-madeira-no-escritorio-direito-servicos-juridicos-aconselhamento-conceito-de-justica.jpg\",\"datePublished\":\"2023-10-18T18:45:12+00:00\",\"dateModified\":\"2024-05-08T13:38:21+00:00\",\"breadcrumb\":{\"@id\":\"https:\/\/ceadvogados.com\/novo\/quem-somos\/#breadcrumb\"},\"inLanguage\":\"pt-PT\",\"potentialAction\":[{\"@type\":\"ReadAction\",\"target\":[\"https:\/\/ceadvogados.com\/novo\/quem-somos\/\"]}]},{\"@type\":\"ImageObject\",\"inLanguage\":\"pt-PT\",\"@id\":\"https:\/\/ceadvogados.com\/novo\/quem-somos\/#primaryimage\",\"url\":\"https:\/\/ceadvogados.com\/novo\/wp-content\/uploads\/2023\/11\/1920-mulher-de-negocios-e-advogados-discutindo-papeis-de-contrato-com-escala-de-latao-na-mesa-de-madeira-no-escritorio-direito-servicos-juridicos-aconselhamento-conceito-de-justica.jpg\",\"contentUrl\":\"https:\/\/ceadvogados.com\/novo\/wp-content\/uploads\/2023\/11\/1920-mulher-de-negocios-e-advogados-discutindo-papeis-de-contrato-com-escala-de-latao-na-mesa-de-madeira-no-escritorio-direito-servicos-juridicos-aconselhamento-conceito-de-justica.jpg\",\"width\":1920,\"height\":1017,\"caption\":\"Business woman and lawyers discussing contract papers with brass scale on wooden desk in office. Law, legal services, advice, Justice concept.\"},{\"@type\":\"BreadcrumbList\",\"@id\":\"https:\/\/ceadvogados.com\/novo\/quem-somos\/#breadcrumb\",\"itemListElement\":[{\"@type\":\"ListItem\",\"position\":1,\"name\":\"In\u00edcio\",\"item\":\"https:\/\/ceadvogados.com\/novo\/\"},{\"@type\":\"ListItem\",\"position\":2,\"name\":\"Quem Somos\"}]},{\"@type\":\"WebSite\",\"@id\":\"https:\/\/ceadvogados.com\/novo\/#website\",\"url\":\"https:\/\/ceadvogados.com\/novo\/\",\"name\":\"Campos & Emerich Advogados\",\"description\":\"\",\"publisher\":{\"@id\":\"https:\/\/ceadvogados.com\/novo\/#organization\"},\"potentialAction\":[{\"@type\":\"SearchAction\",\"target\":{\"@type\":\"EntryPoint\",\"urlTemplate\":\"https:\/\/ceadvogados.com\/novo\/?s={search_term_string}\"},\"query-input\":{\"@type\":\"PropertyValueSpecification\",\"valueRequired\":true,\"valueName\":\"search_term_string\"}}],\"inLanguage\":\"pt-PT\"},{\"@type\":\"Organization\",\"@id\":\"https:\/\/ceadvogados.com\/novo\/#organization\",\"name\":\"Campos & Emerich Advogados\",\"url\":\"https:\/\/ceadvogados.com\/novo\/\",\"logo\":{\"@type\":\"ImageObject\",\"inLanguage\":\"pt-PT\",\"@id\":\"https:\/\/ceadvogados.com\/novo\/#\/schema\/logo\/image\/\",\"url\":\"https:\/\/ceadvogados.com\/novo\/wp-content\/uploads\/2025\/02\/campos-e-emerich-advogados.jpg\",\"contentUrl\":\"https:\/\/ceadvogados.com\/novo\/wp-content\/uploads\/2025\/02\/campos-e-emerich-advogados.jpg\",\"width\":810,\"height\":810,\"caption\":\"Campos & Emerich Advogados\"},\"image\":{\"@id\":\"https:\/\/ceadvogados.com\/novo\/#\/schema\/logo\/image\/\"},\"sameAs\":[\"https:\/\/www.facebook.com\/profile.php?id=61551895715380&mibextid=9R9pXO\",\"https:\/\/www.instagram.com\/ce.advogados?igshid=ZXJ1MHV4azFwbm1z\"]}]}<\/script>\n<!-- \/ Yoast SEO plugin. -->","yoast_head_json":{"title":"Quem Somos - Campos e Emerich Advogados","robots":{"index":"index","follow":"follow","max-snippet":"max-snippet:-1","max-image-preview":"max-image-preview:large","max-video-preview":"max-video-preview:-1"},"canonical":"https:\/\/ceadvogados.com\/novo\/quem-somos\/","og_locale":"pt_PT","og_type":"article","og_title":"Quem Somos - Campos e Emerich Advogados","og_description":"Arthur Emerich Advogado, inscrito na OAB\/RJ sob o n.\u00ba 161.194, com mais de 15 (quinze) anos de experi\u00eancia, Mestre em Direito, Bacharel em Direito pela Universidade C\u00e2ndido Mendes,\u00a0 P\u00f3s-Graduado em Direito Processual Civil, P\u00f3s-Graduado em Direito Desportivo, Procurador do Tribunal de Justi\u00e7a Desportiva da FFSERJ, Auditor do Tribunal de Justi\u00e7a Desportiva da FHERJ, ex-integrante da Procuradoria do Superior Tribunal de Justi\u00e7a Desportiva do Futebol, Delegado Corregedor da OAB\/RJ (tri\u00eanio 2022\/2024), Membro da Comiss\u00e3o de Eventos Esportivos da OAB\/RJ (tri\u00eanio 2022\/2024). Allan Campos Advogado, inscrito na OAB\/RJ sob o n.\u00ba 163.228, com mais de 20 (vinte) anos dedicados a \u00e1rea de sa\u00fade,\u00a0bacharel em direito pela Universidade C\u00e2ndido Mendes,\u00a0P\u00f3s-Graduado em Direito e Processo do Trabalho,\u00a0P\u00f3s-Graduado em Direito M\u00e9dico e da Sa\u00fade,\u00a0Enfermeiro formado pela Universidade do Estado do Rio de Janeiro \u2013 UERJ,\u00a0P\u00f3s-Graduado em Terapia Intensiva Adulto pela Universidade Federal Fluminense \u2013 UFF,\u00a0Enfermeiro concursado da Prefeitura do Rio de Janeiro,\u00a0Enfermeiro concursado do Hospital Universit\u00e1rio Ant\u00f4nio Pedro \u2013 UFF,\u00a0Membro da Comiss\u00e3o de Processo Administrativo do Hospital Universit\u00e1rio Ant\u00f4nio Pedro \u2013 UFF.","og_url":"https:\/\/ceadvogados.com\/novo\/quem-somos\/","og_site_name":"Campos e Emerich Advogados","article_publisher":"https:\/\/www.facebook.com\/profile.php?id=61551895715380&mibextid=9R9pXO","article_modified_time":"2024-05-08T13:38:21+00:00","og_image":[{"width":1920,"height":1017,"url":"https:\/\/ceadvogados.com\/novo\/wp-content\/uploads\/2023\/11\/1920-mulher-de-negocios-e-advogados-discutindo-papeis-de-contrato-com-escala-de-latao-na-mesa-de-madeira-no-escritorio-direito-servicos-juridicos-aconselhamento-conceito-de-justica.jpg","type":"image\/jpeg"}],"twitter_card":"summary_large_image","twitter_misc":{"Tempo estimado de leitura":"1 minuto"},"schema":{"@context":"https:\/\/schema.org","@graph":[{"@type":"WebPage","@id":"https:\/\/ceadvogados.com\/novo\/quem-somos\/","url":"https:\/\/ceadvogados.com\/novo\/quem-somos\/","name":"Quem Somos - Campos e Emerich Advogados","isPartOf":{"@id":"https:\/\/ceadvogados.com\/novo\/#website"},"primaryImageOfPage":{"@id":"https:\/\/ceadvogados.com\/novo\/quem-somos\/#primaryimage"},"image":{"@id":"https:\/\/ceadvogados.com\/novo\/quem-somos\/#primaryimage"},"thumbnailUrl":"https:\/\/ceadvogados.com\/novo\/wp-content\/uploads\/2023\/11\/1920-mulher-de-negocios-e-advogados-discutindo-papeis-de-contrato-com-escala-de-latao-na-mesa-de-madeira-no-escritorio-direito-servicos-juridicos-aconselhamento-conceito-de-justica.jpg","datePublished":"2023-10-18T18:45:12+00:00","dateModified":"2024-05-08T13:38:21+00:00","breadcrumb":{"@id":"https:\/\/ceadvogados.com\/novo\/quem-somos\/#breadcrumb"},"inLanguage":"pt-PT","potentialAction":[{"@type":"ReadAction","target":["https:\/\/ceadvogados.com\/novo\/quem-somos\/"]}]},{"@type":"ImageObject","inLanguage":"pt-PT","@id":"https:\/\/ceadvogados.com\/novo\/quem-somos\/#primaryimage","url":"https:\/\/ceadvogados.com\/novo\/wp-content\/uploads\/2023\/11\/1920-mulher-de-negocios-e-advogados-discutindo-papeis-de-contrato-com-escala-de-latao-na-mesa-de-madeira-no-escritorio-direito-servicos-juridicos-aconselhamento-conceito-de-justica.jpg","contentUrl":"https:\/\/ceadvogados.com\/novo\/wp-content\/uploads\/2023\/11\/1920-mulher-de-negocios-e-advogados-discutindo-papeis-de-contrato-com-escala-de-latao-na-mesa-de-madeira-no-escritorio-direito-servicos-juridicos-aconselhamento-conceito-de-justica.jpg","width":1920,"height":1017,"caption":"Business woman and lawyers discussing contract papers with brass scale on wooden desk in office. Law, legal services, advice, Justice concept."},{"@type":"BreadcrumbList","@id":"https:\/\/ceadvogados.com\/novo\/quem-somos\/#breadcrumb","itemListElement":[{"@type":"ListItem","position":1,"name":"In\u00edcio","item":"https:\/\/ceadvogados.com\/novo\/"},{"@type":"ListItem","position":2,"name":"Quem Somos"}]},{"@type":"WebSite","@id":"https:\/\/ceadvogados.com\/novo\/#website","url":"https:\/\/ceadvogados.com\/novo\/","name":"Campos & Emerich Advogados","description":"","publisher":{"@id":"https:\/\/ceadvogados.com\/novo\/#organization"},"potentialAction":[{"@type":"SearchAction","target":{"@type":"EntryPoint","urlTemplate":"https:\/\/ceadvogados.com\/novo\/?s={search_term_string}"},"query-input":{"@type":"PropertyValueSpecification","valueRequired":true,"valueName":"search_term_string"}}],"inLanguage":"pt-PT"},{"@type":"Organization","@id":"https:\/\/ceadvogados.com\/novo\/#organization","name":"Campos & Emerich Advogados","url":"https:\/\/ceadvogados.com\/novo\/","logo":{"@type":"ImageObject","inLanguage":"pt-PT","@id":"https:\/\/ceadvogados.com\/novo\/#\/schema\/logo\/image\/","url":"https:\/\/ceadvogados.com\/novo\/wp-content\/uploads\/2025\/02\/campos-e-emerich-advogados.jpg","contentUrl":"https:\/\/ceadvogados.com\/novo\/wp-content\/uploads\/2025\/02\/campos-e-emerich-advogados.jpg","width":810,"height":810,"caption":"Campos & Emerich Advogados"},"image":{"@id":"https:\/\/ceadvogados.com\/novo\/#\/schema\/logo\/image\/"},"sameAs":["https:\/\/www.facebook.com\/profile.php?id=61551895715380&mibextid=9R9pXO","https:\/\/www.instagram.com\/ce.advogados?igshid=ZXJ1MHV4azFwbm1z"]}]}},"_links":{"self":[{"href":"https:\/\/ceadvogados.com\/novo\/wp-json\/wp\/v2\/pages\/9","targetHints":{"allow":["GET"]}}],"collection":[{"href":"https:\/\/ceadvogados.com\/novo\/wp-json\/wp\/v2\/pages"}],"about":[{"href":"https:\/\/ceadvogados.com\/novo\/wp-json\/wp\/v2\/types\/page"}],"author":[{"embeddable":true,"href":"https:\/\/ceadvogados.com\/novo\/wp-json\/wp\/v2\/users\/1"}],"replies":[{"embeddable":true,"href":"https:\/\/ceadvogados.com\/novo\/wp-json\/wp\/v2\/comments?post=9"}],"version-history":[{"count":27,"href":"https:\/\/ceadvogados.com\/novo\/wp-json\/wp\/v2\/pages\/9\/revisions"}],"predecessor-version":[{"id":573,"href":"https:\/\/ceadvogados.com\/novo\/wp-json\/wp\/v2\/pages\/9\/revisions\/573"}],"wp:featuredmedia":[{"embeddable":true,"href":"https:\/\/ceadvogados.com\/novo\/wp-json\/wp\/v2\/media\/351"}],"wp:attachment":[{"href":"https:\/\/ceadvogados.com\/novo\/wp-json\/wp\/v2\/media?parent=9"}],"curies":[{"name":"wp","href":"https:\/\/api.w.org\/{rel}","templated":true}]}}