{"id":15,"date":"2023-10-18T18:46:04","date_gmt":"2023-10-18T18:46:04","guid":{"rendered":"https:\/\/ceadvogados.com\/novo\/?page_id=15"},"modified":"2023-11-22T18:54:39","modified_gmt":"2023-11-22T18:54:39","slug":"localizacao","status":"publish","type":"page","link":"https:\/\/ceadvogados.com\/novo\/localizacao\/","title":{"rendered":"Localiza\u00e7\u00e3o"},"content":{"rendered":"\t\t<div data-elementor-type=\"wp-page\" data-elementor-id=\"15\" class=\"elementor elementor-15\" data-elementor-post-type=\"page\">\n\t\t\t\t\t\t<section class=\"elementor-section elementor-top-section elementor-element elementor-element-5c84ab410 elementor-section-boxed elementor-section-height-default elementor-section-height-default wpr-particle-no wpr-jarallax-no wpr-parallax-no wpr-sticky-section-no elementor-invisible\" data-id=\"5c84ab410\" data-element_type=\"section\" data-e-type=\"section\" data-settings=\"{&quot;animation&quot;:&quot;fadeInUp&quot;}\">\n\t\t\t\t\t\t<div class=\"elementor-container elementor-column-gap-extended\">\n\t\t\t\t\t<div class=\"elementor-column elementor-col-50 elementor-top-column elementor-element elementor-element-1980f779\" data-id=\"1980f779\" data-element_type=\"column\" data-e-type=\"column\">\n\t\t\t<div class=\"elementor-widget-wrap elementor-element-populated\">\n\t\t\t\t\t\t<div class=\"elementor-element elementor-element-aec9725 elementor-widget elementor-widget-text-editor\" data-id=\"aec9725\" data-element_type=\"widget\" data-e-type=\"widget\" data-widget_type=\"text-editor.default\">\n\t\t\t\t<div class=\"elementor-widget-container\">\n\t\t\t\t\t\t\t\t\t<iframe src=\"https:\/\/www.google.com\/maps\/embed?pb=!1m14!1m8!1m3!1d14702.088354749078!2d-43.121069!3d-22.8941063!3m2!1i1024!2i768!4f13.1!3m3!1m2!1s0x998391ee3bae9f%3A0x1a38bd863e26efae!2sCAMPOS%20%26%20EMERICH%20ADVOGADOS%20(OAB%2FRJ%20n.%C2%BA%2015205%2F2020)!5e0!3m2!1spt-BR!2sbr!4v1700678174361!5m2!1spt-BR!2sbr\" width=\"600\" height=\"450\" style=\"border:0;\" allowfullscreen=\"\" loading=\"lazy\" referrerpolicy=\"no-referrer-when-downgrade\"><\/iframe>\t\t\t\t\t\t\t\t<\/div>\n\t\t\t\t<\/div>\n\t\t\t\t\t<\/div>\n\t\t<\/div>\n\t\t\t\t<div class=\"elementor-column elementor-col-50 elementor-top-column elementor-element elementor-element-7cad22d3\" data-id=\"7cad22d3\" data-element_type=\"column\" data-e-type=\"column\">\n\t\t\t<div class=\"elementor-widget-wrap elementor-element-populated\">\n\t\t\t\t\t\t<div class=\"elementor-element elementor-element-43c23a50 elementor-widget elementor-widget-heading\" data-id=\"43c23a50\" data-element_type=\"widget\" data-e-type=\"widget\" data-widget_type=\"heading.default\">\n\t\t\t\t<div class=\"elementor-widget-container\">\n\t\t\t\t\t<h2 class=\"elementor-heading-title elementor-size-default\">ESCRIT\u00d3RIO GRANDE RIO<\/h2>\t\t\t\t<\/div>\n\t\t\t\t<\/div>\n\t\t\t\t<div class=\"elementor-element elementor-element-5eebbcc0 elementor-widget elementor-widget-text-editor\" data-id=\"5eebbcc0\" data-element_type=\"widget\" data-e-type=\"widget\" data-widget_type=\"text-editor.default\">\n\t\t\t\t<div class=\"elementor-widget-container\">\n\t\t\t\t\t\t\t\t\t<p>Rua da Concei\u00e7\u00e3o, 95\/1204<br \/>Edificio City Hall Business <br \/>Centro, Niter\u00f3i &#8211; RJ<br \/>CEP: 24020-085<\/p>\t\t\t\t\t\t\t\t<\/div>\n\t\t\t\t<\/div>\n\t\t\t\t\t<\/div>\n\t\t<\/div>\n\t\t\t\t\t<\/div>\n\t\t<\/section>\n\t\t\t\t<\/div>\n\t\t","protected":false},"excerpt":{"rendered":"<p>ESCRIT\u00d3RIO GRANDE RIO Rua da Concei\u00e7\u00e3o, 95\/1204Edificio City Hall Business Centro, Niter\u00f3i &#8211; RJCEP: 24020-085<\/p>\n","protected":false},"author":1,"featured_media":344,"parent":0,"menu_order":0,"comment_status":"closed","ping_status":"closed","template":"","meta":{"footnotes":""},"class_list":["post-15","page","type-page","status-publish","has-post-thumbnail","hentry"],"yoast_head":"<!-- This site is optimized with the Yoast SEO plugin v27.0 - https:\/\/yoast.com\/product\/yoast-seo-wordpress\/ -->\n<title>Localiza\u00e7\u00e3o - Campos e Emerich Advogados<\/title>\n<meta name=\"robots\" content=\"index, follow, max-snippet:-1, max-image-preview:large, max-video-preview:-1\" \/>\n<link rel=\"canonical\" href=\"https:\/\/ceadvogados.com\/novo\/localizacao\/\" \/>\n<meta property=\"og:locale\" content=\"pt_PT\" \/>\n<meta property=\"og:type\" content=\"article\" \/>\n<meta property=\"og:title\" content=\"Localiza\u00e7\u00e3o - Campos e Emerich Advogados\" \/>\n<meta property=\"og:description\" content=\"ESCRIT\u00d3RIO GRANDE RIO Rua da Concei\u00e7\u00e3o, 95\/1204Edificio City Hall Business Centro, Niter\u00f3i &#8211; RJCEP: 24020-085\" \/>\n<meta property=\"og:url\" content=\"https:\/\/ceadvogados.com\/novo\/localizacao\/\" \/>\n<meta property=\"og:site_name\" content=\"Campos e Emerich Advogados\" \/>\n<meta property=\"article:publisher\" content=\"https:\/\/www.facebook.com\/profile.php?id=61551895715380&amp;mibextid=9R9pXO\" \/>\n<meta property=\"article:modified_time\" content=\"2023-11-22T18:54:39+00:00\" \/>\n<meta property=\"og:image\" content=\"https:\/\/ceadvogados.com\/novo\/wp-content\/uploads\/2023\/11\/WhatsApp-Image-2023-03-20-at-14.27.09.jpeg\" \/>\n\t<meta property=\"og:image:width\" content=\"1600\" \/>\n\t<meta property=\"og:image:height\" content=\"800\" \/>\n\t<meta property=\"og:image:type\" content=\"image\/jpeg\" \/>\n<meta name=\"twitter:card\" content=\"summary_large_image\" \/>\n<script type=\"application\/ld+json\" class=\"yoast-schema-graph\">{\"@context\":\"https:\/\/schema.org\",\"@graph\":[{\"@type\":\"WebPage\",\"@id\":\"https:\/\/ceadvogados.com\/novo\/localizacao\/\",\"url\":\"https:\/\/ceadvogados.com\/novo\/localizacao\/\",\"name\":\"Localiza\u00e7\u00e3o - Campos e Emerich Advogados\",\"isPartOf\":{\"@id\":\"https:\/\/ceadvogados.com\/novo\/#website\"},\"primaryImageOfPage\":{\"@id\":\"https:\/\/ceadvogados.com\/novo\/localizacao\/#primaryimage\"},\"image\":{\"@id\":\"https:\/\/ceadvogados.com\/novo\/localizacao\/#primaryimage\"},\"thumbnailUrl\":\"https:\/\/ceadvogados.com\/novo\/wp-content\/uploads\/2023\/11\/WhatsApp-Image-2023-03-20-at-14.27.09.jpeg\",\"datePublished\":\"2023-10-18T18:46:04+00:00\",\"dateModified\":\"2023-11-22T18:54:39+00:00\",\"breadcrumb\":{\"@id\":\"https:\/\/ceadvogados.com\/novo\/localizacao\/#breadcrumb\"},\"inLanguage\":\"pt-PT\",\"potentialAction\":[{\"@type\":\"ReadAction\",\"target\":[\"https:\/\/ceadvogados.com\/novo\/localizacao\/\"]}]},{\"@type\":\"ImageObject\",\"inLanguage\":\"pt-PT\",\"@id\":\"https:\/\/ceadvogados.com\/novo\/localizacao\/#primaryimage\",\"url\":\"https:\/\/ceadvogados.com\/novo\/wp-content\/uploads\/2023\/11\/WhatsApp-Image-2023-03-20-at-14.27.09.jpeg\",\"contentUrl\":\"https:\/\/ceadvogados.com\/novo\/wp-content\/uploads\/2023\/11\/WhatsApp-Image-2023-03-20-at-14.27.09.jpeg\",\"width\":1600,\"height\":800},{\"@type\":\"BreadcrumbList\",\"@id\":\"https:\/\/ceadvogados.com\/novo\/localizacao\/#breadcrumb\",\"itemListElement\":[{\"@type\":\"ListItem\",\"position\":1,\"name\":\"In\u00edcio\",\"item\":\"https:\/\/ceadvogados.com\/novo\/\"},{\"@type\":\"ListItem\",\"position\":2,\"name\":\"Localiza\u00e7\u00e3o\"}]},{\"@type\":\"WebSite\",\"@id\":\"https:\/\/ceadvogados.com\/novo\/#website\",\"url\":\"https:\/\/ceadvogados.com\/novo\/\",\"name\":\"Campos & Emerich Advogados\",\"description\":\"\",\"publisher\":{\"@id\":\"https:\/\/ceadvogados.com\/novo\/#organization\"},\"potentialAction\":[{\"@type\":\"SearchAction\",\"target\":{\"@type\":\"EntryPoint\",\"urlTemplate\":\"https:\/\/ceadvogados.com\/novo\/?s={search_term_string}\"},\"query-input\":{\"@type\":\"PropertyValueSpecification\",\"valueRequired\":true,\"valueName\":\"search_term_string\"}}],\"inLanguage\":\"pt-PT\"},{\"@type\":\"Organization\",\"@id\":\"https:\/\/ceadvogados.com\/novo\/#organization\",\"name\":\"Campos & Emerich Advogados\",\"url\":\"https:\/\/ceadvogados.com\/novo\/\",\"logo\":{\"@type\":\"ImageObject\",\"inLanguage\":\"pt-PT\",\"@id\":\"https:\/\/ceadvogados.com\/novo\/#\/schema\/logo\/image\/\",\"url\":\"https:\/\/ceadvogados.com\/novo\/wp-content\/uploads\/2025\/02\/campos-e-emerich-advogados.jpg\",\"contentUrl\":\"https:\/\/ceadvogados.com\/novo\/wp-content\/uploads\/2025\/02\/campos-e-emerich-advogados.jpg\",\"width\":810,\"height\":810,\"caption\":\"Campos & Emerich Advogados\"},\"image\":{\"@id\":\"https:\/\/ceadvogados.com\/novo\/#\/schema\/logo\/image\/\"},\"sameAs\":[\"https:\/\/www.facebook.com\/profile.php?id=61551895715380&mibextid=9R9pXO\",\"https:\/\/www.instagram.com\/ce.advogados?igshid=ZXJ1MHV4azFwbm1z\"]}]}<\/script>\n<!-- \/ Yoast SEO plugin. -->","yoast_head_json":{"title":"Localiza\u00e7\u00e3o - Campos e Emerich Advogados","robots":{"index":"index","follow":"follow","max-snippet":"max-snippet:-1","max-image-preview":"max-image-preview:large","max-video-preview":"max-video-preview:-1"},"canonical":"https:\/\/ceadvogados.com\/novo\/localizacao\/","og_locale":"pt_PT","og_type":"article","og_title":"Localiza\u00e7\u00e3o - Campos e Emerich Advogados","og_description":"ESCRIT\u00d3RIO GRANDE RIO Rua da Concei\u00e7\u00e3o, 95\/1204Edificio City Hall Business Centro, Niter\u00f3i &#8211; RJCEP: 24020-085","og_url":"https:\/\/ceadvogados.com\/novo\/localizacao\/","og_site_name":"Campos e Emerich Advogados","article_publisher":"https:\/\/www.facebook.com\/profile.php?id=61551895715380&mibextid=9R9pXO","article_modified_time":"2023-11-22T18:54:39+00:00","og_image":[{"width":1600,"height":800,"url":"https:\/\/ceadvogados.com\/novo\/wp-content\/uploads\/2023\/11\/WhatsApp-Image-2023-03-20-at-14.27.09.jpeg","type":"image\/jpeg"}],"twitter_card":"summary_large_image","schema":{"@context":"https:\/\/schema.org","@graph":[{"@type":"WebPage","@id":"https:\/\/ceadvogados.com\/novo\/localizacao\/","url":"https:\/\/ceadvogados.com\/novo\/localizacao\/","name":"Localiza\u00e7\u00e3o - Campos e Emerich Advogados","isPartOf":{"@id":"https:\/\/ceadvogados.com\/novo\/#website"},"primaryImageOfPage":{"@id":"https:\/\/ceadvogados.com\/novo\/localizacao\/#primaryimage"},"image":{"@id":"https:\/\/ceadvogados.com\/novo\/localizacao\/#primaryimage"},"thumbnailUrl":"https:\/\/ceadvogados.com\/novo\/wp-content\/uploads\/2023\/11\/WhatsApp-Image-2023-03-20-at-14.27.09.jpeg","datePublished":"2023-10-18T18:46:04+00:00","dateModified":"2023-11-22T18:54:39+00:00","breadcrumb":{"@id":"https:\/\/ceadvogados.com\/novo\/localizacao\/#breadcrumb"},"inLanguage":"pt-PT","potentialAction":[{"@type":"ReadAction","target":["https:\/\/ceadvogados.com\/novo\/localizacao\/"]}]},{"@type":"ImageObject","inLanguage":"pt-PT","@id":"https:\/\/ceadvogados.com\/novo\/localizacao\/#primaryimage","url":"https:\/\/ceadvogados.com\/novo\/wp-content\/uploads\/2023\/11\/WhatsApp-Image-2023-03-20-at-14.27.09.jpeg","contentUrl":"https:\/\/ceadvogados.com\/novo\/wp-content\/uploads\/2023\/11\/WhatsApp-Image-2023-03-20-at-14.27.09.jpeg","width":1600,"height":800},{"@type":"BreadcrumbList","@id":"https:\/\/ceadvogados.com\/novo\/localizacao\/#breadcrumb","itemListElement":[{"@type":"ListItem","position":1,"name":"In\u00edcio","item":"https:\/\/ceadvogados.com\/novo\/"},{"@type":"ListItem","position":2,"name":"Localiza\u00e7\u00e3o"}]},{"@type":"WebSite","@id":"https:\/\/ceadvogados.com\/novo\/#website","url":"https:\/\/ceadvogados.com\/novo\/","name":"Campos & Emerich Advogados","description":"","publisher":{"@id":"https:\/\/ceadvogados.com\/novo\/#organization"},"potentialAction":[{"@type":"SearchAction","target":{"@type":"EntryPoint","urlTemplate":"https:\/\/ceadvogados.com\/novo\/?s={search_term_string}"},"query-input":{"@type":"PropertyValueSpecification","valueRequired":true,"valueName":"search_term_string"}}],"inLanguage":"pt-PT"},{"@type":"Organization","@id":"https:\/\/ceadvogados.com\/novo\/#organization","name":"Campos & Emerich Advogados","url":"https:\/\/ceadvogados.com\/novo\/","logo":{"@type":"ImageObject","inLanguage":"pt-PT","@id":"https:\/\/ceadvogados.com\/novo\/#\/schema\/logo\/image\/","url":"https:\/\/ceadvogados.com\/novo\/wp-content\/uploads\/2025\/02\/campos-e-emerich-advogados.jpg","contentUrl":"https:\/\/ceadvogados.com\/novo\/wp-content\/uploads\/2025\/02\/campos-e-emerich-advogados.jpg","width":810,"height":810,"caption":"Campos & Emerich Advogados"},"image":{"@id":"https:\/\/ceadvogados.com\/novo\/#\/schema\/logo\/image\/"},"sameAs":["https:\/\/www.facebook.com\/profile.php?id=61551895715380&mibextid=9R9pXO","https:\/\/www.instagram.com\/ce.advogados?igshid=ZXJ1MHV4azFwbm1z"]}]}},"_links":{"self":[{"href":"https:\/\/ceadvogados.com\/novo\/wp-json\/wp\/v2\/pages\/15","targetHints":{"allow":["GET"]}}],"collection":[{"href":"https:\/\/ceadvogados.com\/novo\/wp-json\/wp\/v2\/pages"}],"about":[{"href":"https:\/\/ceadvogados.com\/novo\/wp-json\/wp\/v2\/types\/page"}],"author":[{"embeddable":true,"href":"https:\/\/ceadvogados.com\/novo\/wp-json\/wp\/v2\/users\/1"}],"replies":[{"embeddable":true,"href":"https:\/\/ceadvogados.com\/novo\/wp-json\/wp\/v2\/comments?post=15"}],"version-history":[{"count":16,"href":"https:\/\/ceadvogados.com\/novo\/wp-json\/wp\/v2\/pages\/15\/revisions"}],"predecessor-version":[{"id":414,"href":"https:\/\/ceadvogados.com\/novo\/wp-json\/wp\/v2\/pages\/15\/revisions\/414"}],"wp:featuredmedia":[{"embeddable":true,"href":"https:\/\/ceadvogados.com\/novo\/wp-json\/wp\/v2\/media\/344"}],"wp:attachment":[{"href":"https:\/\/ceadvogados.com\/novo\/wp-json\/wp\/v2\/media?parent=15"}],"curies":[{"name":"wp","href":"https:\/\/api.w.org\/{rel}","templated":true}]}}