{"id":13,"date":"2023-10-18T18:45:39","date_gmt":"2023-10-18T18:45:39","guid":{"rendered":"https:\/\/ceadvogados.com\/novo\/?page_id=13"},"modified":"2023-12-04T18:22:17","modified_gmt":"2023-12-04T18:22:17","slug":"contato","status":"publish","type":"page","link":"https:\/\/ceadvogados.com\/novo\/contato\/","title":{"rendered":"Contato"},"content":{"rendered":"\t\t<div data-elementor-type=\"wp-page\" data-elementor-id=\"13\" class=\"elementor elementor-13\" data-elementor-post-type=\"page\">\n\t\t\t\t<div class=\"elementor-element elementor-element-6578169 e-con-full e-flex wpr-particle-no wpr-jarallax-no wpr-parallax-no wpr-sticky-section-no e-con e-parent\" data-id=\"6578169\" data-element_type=\"container\" data-e-type=\"container\">\n\t\t<div class=\"elementor-element elementor-element-ba91576 e-con-full e-flex wpr-particle-no wpr-jarallax-no wpr-parallax-no wpr-sticky-section-no e-con e-child\" data-id=\"ba91576\" data-element_type=\"container\" data-e-type=\"container\">\n\t\t<div class=\"elementor-element elementor-element-78f2696c e-con-full e-flex wpr-particle-no wpr-jarallax-no wpr-parallax-no wpr-sticky-section-no e-con e-child\" data-id=\"78f2696c\" data-element_type=\"container\" data-e-type=\"container\">\n\t\t\t\t<div class=\"elementor-element elementor-element-360fb429 elementor-widget__width-initial elementor-widget elementor-widget-icon-box\" data-id=\"360fb429\" data-element_type=\"widget\" data-e-type=\"widget\" data-widget_type=\"icon-box.default\">\n\t\t\t\t<div class=\"elementor-widget-container\">\n\t\t\t\t\t\t\t<div class=\"elementor-icon-box-wrapper\">\n\n\t\t\t\n\t\t\t\t\t\t<div class=\"elementor-icon-box-content\">\n\n\t\t\t\t\t\t\t\t\t<h3 class=\"elementor-icon-box-title\">\n\t\t\t\t\t\t<a href=\"https:\/\/api.whatsapp.com\/send?phone=5521983222913\" >\n\t\t\t\t\t\t\tFale Conosco\t\t\t\t\t\t<\/a>\n\t\t\t\t\t<\/h3>\n\t\t\t\t\n\t\t\t\t\t\t\t\t\t<p class=\"elementor-icon-box-description\">\n\t\t\t\t\t\t<b>Celular\/WhatsApp:<\/b> (21) 98322-2913<BR>\n<b>E-mail:<\/b> contato@ceadvogados.com\t\t\t\t\t<\/p>\n\t\t\t\t\n\t\t\t<\/div>\n\t\t\t\n\t\t<\/div>\n\t\t\t\t\t\t<\/div>\n\t\t\t\t<\/div>\n\t\t\t\t<\/div>\n\t\t\t\t<\/div>\n\t\t<div class=\"elementor-element elementor-element-50ff7df e-con-full e-flex wpr-particle-no wpr-jarallax-no wpr-parallax-no wpr-sticky-section-no e-con e-child\" data-id=\"50ff7df\" data-element_type=\"container\" data-e-type=\"container\">\n\t\t\t\t<div class=\"elementor-element elementor-element-3b65c56 elementor-widget elementor-widget-icon-box\" data-id=\"3b65c56\" data-element_type=\"widget\" data-e-type=\"widget\" data-widget_type=\"icon-box.default\">\n\t\t\t\t<div class=\"elementor-widget-container\">\n\t\t\t\t\t\t\t<div class=\"elementor-icon-box-wrapper\">\n\n\t\t\t\n\t\t\t\t\t\t<div class=\"elementor-icon-box-content\">\n\n\t\t\t\t\t\t\t\t\t<h3 class=\"elementor-icon-box-title\">\n\t\t\t\t\t\t<span  >\n\t\t\t\t\t\t\tAtendimento\t\t\t\t\t\t<\/span>\n\t\t\t\t\t<\/h3>\n\t\t\t\t\n\t\t\t\t\t\t\t\t\t<p class=\"elementor-icon-box-description\">\n\t\t\t\t\t\tDe segunda \u00e0 sexta<br>\n8h \u00e0s 18h\t\t\t\t\t<\/p>\n\t\t\t\t\n\t\t\t<\/div>\n\t\t\t\n\t\t<\/div>\n\t\t\t\t\t\t<\/div>\n\t\t\t\t<\/div>\n\t\t\t\t<\/div>\n\t\t\t\t<\/div>\n\t\t<div class=\"elementor-element elementor-element-469391da e-con-full e-flex wpr-particle-no wpr-jarallax-no wpr-parallax-no wpr-sticky-section-no e-con e-parent\" data-id=\"469391da\" data-element_type=\"container\" data-e-type=\"container\" data-settings=\"{&quot;background_background&quot;:&quot;classic&quot;}\">\n\t\t<div class=\"elementor-element elementor-element-40ab8697 e-con-full e-flex wpr-particle-no wpr-jarallax-no wpr-parallax-no wpr-sticky-section-no e-con e-child\" data-id=\"40ab8697\" data-element_type=\"container\" data-e-type=\"container\">\n\t\t<div class=\"elementor-element elementor-element-6f931fb8 e-con-full e-flex wpr-particle-no wpr-jarallax-no wpr-parallax-no wpr-sticky-section-no e-con e-child\" data-id=\"6f931fb8\" data-element_type=\"container\" data-e-type=\"container\">\n\t\t\t\t<div class=\"elementor-element elementor-element-1cdaf506 elementor-widget elementor-widget-heading\" data-id=\"1cdaf506\" data-element_type=\"widget\" data-e-type=\"widget\" data-widget_type=\"heading.default\">\n\t\t\t\t<div class=\"elementor-widget-container\">\n\t\t\t\t\t<h2 class=\"elementor-heading-title elementor-size-default\">Formul\u00e1rio de contato<\/h2>\t\t\t\t<\/div>\n\t\t\t\t<\/div>\n\t\t\t\t<div class=\"elementor-element elementor-element-db9e3d3 elementor-button-align-start elementor-tablet-button-align-stretch elementor-widget__width-initial elementor-widget elementor-widget-form\" data-id=\"db9e3d3\" data-element_type=\"widget\" data-e-type=\"widget\" data-settings=\"{&quot;button_width_tablet&quot;:&quot;100&quot;,&quot;step_next_label&quot;:&quot;Next&quot;,&quot;step_previous_label&quot;:&quot;Previous&quot;,&quot;button_width&quot;:&quot;100&quot;,&quot;step_type&quot;:&quot;number_text&quot;,&quot;step_icon_shape&quot;:&quot;circle&quot;}\" data-widget_type=\"form.default\">\n\t\t\t\t<div class=\"elementor-widget-container\">\n\t\t\t\t\t\t\t<form class=\"elementor-form\" method=\"post\" name=\"Contact Us\" aria-label=\"Contact Us\">\n\t\t\t<input type=\"hidden\" name=\"post_id\" value=\"13\"\/>\n\t\t\t<input type=\"hidden\" name=\"form_id\" value=\"db9e3d3\"\/>\n\t\t\t<input type=\"hidden\" name=\"referer_title\" value=\"Contato - Campos e Emerich Advogados\" \/>\n\n\t\t\t\t\t\t\t<input type=\"hidden\" name=\"queried_id\" value=\"13\"\/>\n\t\t\t\n\t\t\t<div class=\"elementor-form-fields-wrapper elementor-labels-above\">\n\t\t\t\t\t\t\t\t<div class=\"elementor-field-type-text elementor-field-group elementor-column elementor-field-group-nome elementor-col-50 elementor-md-50\">\n\t\t\t\t\t\t\t\t\t\t\t\t\t<input size=\"1\" type=\"text\" name=\"form_fields[nome]\" id=\"form-field-nome\" class=\"elementor-field elementor-size-sm  elementor-field-textual\" placeholder=\"Nome\">\n\t\t\t\t\t\t\t\t\t\t\t<\/div>\n\t\t\t\t\t\t\t\t<div class=\"elementor-field-type-tel elementor-field-group elementor-column elementor-field-group-celular elementor-col-50 elementor-md-50 elementor-field-required\">\n\t\t\t\t\t\t\t<input size=\"1\" type=\"tel\" name=\"form_fields[celular]\" id=\"form-field-celular\" class=\"elementor-field elementor-size-sm  elementor-field-textual\" placeholder=\"Celular\" required=\"required\" pattern=\"[0-9()#&amp;+*-=.]+\" title=\"Only numbers and phone characters (#, -, *, etc) are accepted.\">\n\n\t\t\t\t\t\t<\/div>\n\t\t\t\t\t\t\t\t<div class=\"elementor-field-type-email elementor-field-group elementor-column elementor-field-group-email elementor-col-50 elementor-md-100 elementor-field-required\">\n\t\t\t\t\t\t\t\t\t\t\t\t\t<input size=\"1\" type=\"email\" name=\"form_fields[email]\" id=\"form-field-email\" class=\"elementor-field elementor-size-sm  elementor-field-textual\" placeholder=\"E-mail\" required=\"required\">\n\t\t\t\t\t\t\t\t\t\t\t<\/div>\n\t\t\t\t\t\t\t\t<div class=\"elementor-field-type-text elementor-field-group elementor-column elementor-field-group-assunto elementor-col-50 elementor-field-required\">\n\t\t\t\t\t\t\t\t\t\t\t\t\t<input size=\"1\" type=\"text\" name=\"form_fields[assunto]\" id=\"form-field-assunto\" class=\"elementor-field elementor-size-sm  elementor-field-textual\" placeholder=\"Assunto\" required=\"required\">\n\t\t\t\t\t\t\t\t\t\t\t<\/div>\n\t\t\t\t\t\t\t\t<div class=\"elementor-field-type-textarea elementor-field-group elementor-column elementor-field-group-mensagem elementor-col-100 elementor-md-100 elementor-field-required\">\n\t\t\t\t\t<textarea class=\"elementor-field-textual elementor-field  elementor-size-sm\" name=\"form_fields[mensagem]\" id=\"form-field-mensagem\" rows=\"4\" placeholder=\"Mensagem\" required=\"required\"><\/textarea>\t\t\t\t<\/div>\n\t\t\t\t\t\t\t\t<div class=\"elementor-field-group elementor-column elementor-field-type-submit elementor-col-100 e-form__buttons elementor-md-100\">\n\t\t\t\t\t<button class=\"elementor-button elementor-size-sm elementor-animation-shrink\" type=\"submit\">\n\t\t\t\t\t\t<span class=\"elementor-button-content-wrapper\">\n\t\t\t\t\t\t\t\t\t\t\t\t\t\t\t\t\t\t\t\t\t\t<span class=\"elementor-button-text\">Enviar<\/span>\n\t\t\t\t\t\t\t\t\t\t\t\t\t<\/span>\n\t\t\t\t\t<\/button>\n\t\t\t\t<\/div>\n\t\t\t<\/div>\n\t\t<\/form>\n\t\t\t\t\t\t<\/div>\n\t\t\t\t<\/div>\n\t\t\t\t<\/div>\n\t\t\t\t<\/div>\n\t\t\t\t<\/div>\n\t\t<div class=\"elementor-element elementor-element-b837a16 e-flex e-con-boxed wpr-particle-no wpr-jarallax-no wpr-parallax-no wpr-sticky-section-no e-con e-parent\" data-id=\"b837a16\" data-element_type=\"container\" data-e-type=\"container\">\n\t\t\t\t\t<div class=\"e-con-inner\">\n\t\t\t\t\t<\/div>\n\t\t\t\t<\/div>\n\t\t\t\t<\/div>\n\t\t","protected":false},"excerpt":{"rendered":"<p>Fale Conosco Celular\/WhatsApp: (21) 98322-2913 E-mail: contato@ceadvogados.com Atendimento De segunda \u00e0 sexta 8h \u00e0s 18h Formul\u00e1rio de contato<\/p>\n","protected":false},"author":1,"featured_media":435,"parent":0,"menu_order":0,"comment_status":"closed","ping_status":"closed","template":"","meta":{"footnotes":""},"class_list":["post-13","page","type-page","status-publish","has-post-thumbnail","hentry"],"yoast_head":"<!-- This site is optimized with the Yoast SEO plugin v27.0 - https:\/\/yoast.com\/product\/yoast-seo-wordpress\/ -->\n<title>Contato - Campos e Emerich Advogados<\/title>\n<meta name=\"robots\" content=\"index, follow, max-snippet:-1, max-image-preview:large, max-video-preview:-1\" \/>\n<link rel=\"canonical\" href=\"https:\/\/ceadvogados.com\/novo\/contato\/\" \/>\n<meta property=\"og:locale\" content=\"pt_PT\" \/>\n<meta property=\"og:type\" content=\"article\" \/>\n<meta property=\"og:title\" content=\"Contato - Campos e Emerich Advogados\" \/>\n<meta property=\"og:description\" content=\"Fale Conosco Celular\/WhatsApp: (21) 98322-2913 E-mail: contato@ceadvogados.com Atendimento De segunda \u00e0 sexta 8h \u00e0s 18h Formul\u00e1rio de contato\" \/>\n<meta property=\"og:url\" content=\"https:\/\/ceadvogados.com\/novo\/contato\/\" \/>\n<meta property=\"og:site_name\" content=\"Campos e Emerich Advogados\" \/>\n<meta property=\"article:publisher\" content=\"https:\/\/www.facebook.com\/profile.php?id=61551895715380&amp;mibextid=9R9pXO\" \/>\n<meta property=\"article:modified_time\" content=\"2023-12-04T18:22:17+00:00\" \/>\n<meta property=\"og:image\" content=\"https:\/\/ceadvogados.com\/novo\/wp-content\/uploads\/2023\/11\/fundo4.jpg\" \/>\n\t<meta property=\"og:image:width\" content=\"1920\" \/>\n\t<meta property=\"og:image:height\" content=\"1224\" \/>\n\t<meta property=\"og:image:type\" content=\"image\/jpeg\" \/>\n<meta name=\"twitter:card\" content=\"summary_large_image\" \/>\n<script type=\"application\/ld+json\" class=\"yoast-schema-graph\">{\"@context\":\"https:\/\/schema.org\",\"@graph\":[{\"@type\":\"WebPage\",\"@id\":\"https:\/\/ceadvogados.com\/novo\/contato\/\",\"url\":\"https:\/\/ceadvogados.com\/novo\/contato\/\",\"name\":\"Contato - Campos e Emerich Advogados\",\"isPartOf\":{\"@id\":\"https:\/\/ceadvogados.com\/novo\/#website\"},\"primaryImageOfPage\":{\"@id\":\"https:\/\/ceadvogados.com\/novo\/contato\/#primaryimage\"},\"image\":{\"@id\":\"https:\/\/ceadvogados.com\/novo\/contato\/#primaryimage\"},\"thumbnailUrl\":\"https:\/\/ceadvogados.com\/novo\/wp-content\/uploads\/2023\/11\/fundo4.jpg\",\"datePublished\":\"2023-10-18T18:45:39+00:00\",\"dateModified\":\"2023-12-04T18:22:17+00:00\",\"breadcrumb\":{\"@id\":\"https:\/\/ceadvogados.com\/novo\/contato\/#breadcrumb\"},\"inLanguage\":\"pt-PT\",\"potentialAction\":[{\"@type\":\"ReadAction\",\"target\":[\"https:\/\/ceadvogados.com\/novo\/contato\/\"]}]},{\"@type\":\"ImageObject\",\"inLanguage\":\"pt-PT\",\"@id\":\"https:\/\/ceadvogados.com\/novo\/contato\/#primaryimage\",\"url\":\"https:\/\/ceadvogados.com\/novo\/wp-content\/uploads\/2023\/11\/fundo4.jpg\",\"contentUrl\":\"https:\/\/ceadvogados.com\/novo\/wp-content\/uploads\/2023\/11\/fundo4.jpg\",\"width\":1920,\"height\":1224},{\"@type\":\"BreadcrumbList\",\"@id\":\"https:\/\/ceadvogados.com\/novo\/contato\/#breadcrumb\",\"itemListElement\":[{\"@type\":\"ListItem\",\"position\":1,\"name\":\"In\u00edcio\",\"item\":\"https:\/\/ceadvogados.com\/novo\/\"},{\"@type\":\"ListItem\",\"position\":2,\"name\":\"Contato\"}]},{\"@type\":\"WebSite\",\"@id\":\"https:\/\/ceadvogados.com\/novo\/#website\",\"url\":\"https:\/\/ceadvogados.com\/novo\/\",\"name\":\"Campos & Emerich Advogados\",\"description\":\"\",\"publisher\":{\"@id\":\"https:\/\/ceadvogados.com\/novo\/#organization\"},\"potentialAction\":[{\"@type\":\"SearchAction\",\"target\":{\"@type\":\"EntryPoint\",\"urlTemplate\":\"https:\/\/ceadvogados.com\/novo\/?s={search_term_string}\"},\"query-input\":{\"@type\":\"PropertyValueSpecification\",\"valueRequired\":true,\"valueName\":\"search_term_string\"}}],\"inLanguage\":\"pt-PT\"},{\"@type\":\"Organization\",\"@id\":\"https:\/\/ceadvogados.com\/novo\/#organization\",\"name\":\"Campos & Emerich Advogados\",\"url\":\"https:\/\/ceadvogados.com\/novo\/\",\"logo\":{\"@type\":\"ImageObject\",\"inLanguage\":\"pt-PT\",\"@id\":\"https:\/\/ceadvogados.com\/novo\/#\/schema\/logo\/image\/\",\"url\":\"https:\/\/ceadvogados.com\/novo\/wp-content\/uploads\/2025\/02\/campos-e-emerich-advogados.jpg\",\"contentUrl\":\"https:\/\/ceadvogados.com\/novo\/wp-content\/uploads\/2025\/02\/campos-e-emerich-advogados.jpg\",\"width\":810,\"height\":810,\"caption\":\"Campos & Emerich Advogados\"},\"image\":{\"@id\":\"https:\/\/ceadvogados.com\/novo\/#\/schema\/logo\/image\/\"},\"sameAs\":[\"https:\/\/www.facebook.com\/profile.php?id=61551895715380&mibextid=9R9pXO\",\"https:\/\/www.instagram.com\/ce.advogados?igshid=ZXJ1MHV4azFwbm1z\"]}]}<\/script>\n<!-- \/ Yoast SEO plugin. -->","yoast_head_json":{"title":"Contato - Campos e Emerich Advogados","robots":{"index":"index","follow":"follow","max-snippet":"max-snippet:-1","max-image-preview":"max-image-preview:large","max-video-preview":"max-video-preview:-1"},"canonical":"https:\/\/ceadvogados.com\/novo\/contato\/","og_locale":"pt_PT","og_type":"article","og_title":"Contato - Campos e Emerich Advogados","og_description":"Fale Conosco Celular\/WhatsApp: (21) 98322-2913 E-mail: contato@ceadvogados.com Atendimento De segunda \u00e0 sexta 8h \u00e0s 18h Formul\u00e1rio de contato","og_url":"https:\/\/ceadvogados.com\/novo\/contato\/","og_site_name":"Campos e Emerich Advogados","article_publisher":"https:\/\/www.facebook.com\/profile.php?id=61551895715380&mibextid=9R9pXO","article_modified_time":"2023-12-04T18:22:17+00:00","og_image":[{"width":1920,"height":1224,"url":"https:\/\/ceadvogados.com\/novo\/wp-content\/uploads\/2023\/11\/fundo4.jpg","type":"image\/jpeg"}],"twitter_card":"summary_large_image","schema":{"@context":"https:\/\/schema.org","@graph":[{"@type":"WebPage","@id":"https:\/\/ceadvogados.com\/novo\/contato\/","url":"https:\/\/ceadvogados.com\/novo\/contato\/","name":"Contato - Campos e Emerich Advogados","isPartOf":{"@id":"https:\/\/ceadvogados.com\/novo\/#website"},"primaryImageOfPage":{"@id":"https:\/\/ceadvogados.com\/novo\/contato\/#primaryimage"},"image":{"@id":"https:\/\/ceadvogados.com\/novo\/contato\/#primaryimage"},"thumbnailUrl":"https:\/\/ceadvogados.com\/novo\/wp-content\/uploads\/2023\/11\/fundo4.jpg","datePublished":"2023-10-18T18:45:39+00:00","dateModified":"2023-12-04T18:22:17+00:00","breadcrumb":{"@id":"https:\/\/ceadvogados.com\/novo\/contato\/#breadcrumb"},"inLanguage":"pt-PT","potentialAction":[{"@type":"ReadAction","target":["https:\/\/ceadvogados.com\/novo\/contato\/"]}]},{"@type":"ImageObject","inLanguage":"pt-PT","@id":"https:\/\/ceadvogados.com\/novo\/contato\/#primaryimage","url":"https:\/\/ceadvogados.com\/novo\/wp-content\/uploads\/2023\/11\/fundo4.jpg","contentUrl":"https:\/\/ceadvogados.com\/novo\/wp-content\/uploads\/2023\/11\/fundo4.jpg","width":1920,"height":1224},{"@type":"BreadcrumbList","@id":"https:\/\/ceadvogados.com\/novo\/contato\/#breadcrumb","itemListElement":[{"@type":"ListItem","position":1,"name":"In\u00edcio","item":"https:\/\/ceadvogados.com\/novo\/"},{"@type":"ListItem","position":2,"name":"Contato"}]},{"@type":"WebSite","@id":"https:\/\/ceadvogados.com\/novo\/#website","url":"https:\/\/ceadvogados.com\/novo\/","name":"Campos & Emerich Advogados","description":"","publisher":{"@id":"https:\/\/ceadvogados.com\/novo\/#organization"},"potentialAction":[{"@type":"SearchAction","target":{"@type":"EntryPoint","urlTemplate":"https:\/\/ceadvogados.com\/novo\/?s={search_term_string}"},"query-input":{"@type":"PropertyValueSpecification","valueRequired":true,"valueName":"search_term_string"}}],"inLanguage":"pt-PT"},{"@type":"Organization","@id":"https:\/\/ceadvogados.com\/novo\/#organization","name":"Campos & Emerich Advogados","url":"https:\/\/ceadvogados.com\/novo\/","logo":{"@type":"ImageObject","inLanguage":"pt-PT","@id":"https:\/\/ceadvogados.com\/novo\/#\/schema\/logo\/image\/","url":"https:\/\/ceadvogados.com\/novo\/wp-content\/uploads\/2025\/02\/campos-e-emerich-advogados.jpg","contentUrl":"https:\/\/ceadvogados.com\/novo\/wp-content\/uploads\/2025\/02\/campos-e-emerich-advogados.jpg","width":810,"height":810,"caption":"Campos & Emerich Advogados"},"image":{"@id":"https:\/\/ceadvogados.com\/novo\/#\/schema\/logo\/image\/"},"sameAs":["https:\/\/www.facebook.com\/profile.php?id=61551895715380&mibextid=9R9pXO","https:\/\/www.instagram.com\/ce.advogados?igshid=ZXJ1MHV4azFwbm1z"]}]}},"_links":{"self":[{"href":"https:\/\/ceadvogados.com\/novo\/wp-json\/wp\/v2\/pages\/13","targetHints":{"allow":["GET"]}}],"collection":[{"href":"https:\/\/ceadvogados.com\/novo\/wp-json\/wp\/v2\/pages"}],"about":[{"href":"https:\/\/ceadvogados.com\/novo\/wp-json\/wp\/v2\/types\/page"}],"author":[{"embeddable":true,"href":"https:\/\/ceadvogados.com\/novo\/wp-json\/wp\/v2\/users\/1"}],"replies":[{"embeddable":true,"href":"https:\/\/ceadvogados.com\/novo\/wp-json\/wp\/v2\/comments?post=13"}],"version-history":[{"count":34,"href":"https:\/\/ceadvogados.com\/novo\/wp-json\/wp\/v2\/pages\/13\/revisions"}],"predecessor-version":[{"id":493,"href":"https:\/\/ceadvogados.com\/novo\/wp-json\/wp\/v2\/pages\/13\/revisions\/493"}],"wp:featuredmedia":[{"embeddable":true,"href":"https:\/\/ceadvogados.com\/novo\/wp-json\/wp\/v2\/media\/435"}],"wp:attachment":[{"href":"https:\/\/ceadvogados.com\/novo\/wp-json\/wp\/v2\/media?parent=13"}],"curies":[{"name":"wp","href":"https:\/\/api.w.org\/{rel}","templated":true}]}}